{"id":2533,"date":"2022-10-28T13:43:41","date_gmt":"2022-10-28T13:43:41","guid":{"rendered":"http:\/\/uvp.nl\/?post_type=product&#038;p=2533"},"modified":"2022-11-15T18:31:22","modified_gmt":"2022-11-15T18:31:22","slug":"joseph-hirsch-dunner-de-rebelse-opperrabbijn","status":"publish","type":"product","link":"https:\/\/uvp.nl\/?product=joseph-hirsch-dunner-de-rebelse-opperrabbijn","title":{"rendered":"Joseph Hirsch D\u00fcnner, de rebelse opperrabbijn"},"content":{"rendered":"<p><strong><em>Joseph Hirsch D\u00fcnner, de rebelse opperrabbijn<\/em><\/strong> beschrijft leven en nalatenschap van een van de meest markante opperrabbijnen uit de vooroorlogse Nederlandse geschiedenis. Dat de in 1833 in Krakau geboren D\u00fcnner zou uitgroeien tot boegbeeld van Joods Amsterdam, was best verrassend. Hij heeft een groot stempel gedrukt op de identiteit van de Amsterdamse Asjkenazische gemeente. Hij wilde niet alleen de klassieke Talmoedgeleerde zijn, maar ook een moderne wetenschapper. Zijn Pools-Joodse kennis en zijn Duits-Joodse wetenschappelijke benadering maakten hem tot een unieke persoonlijkheid. Meer dan wie ook omarmde hij de Nederlandse identiteit en wilde hij zijn leerlingen en zijn gemeenteleden vormen tot zelfbewuste Joodse burgers, die voluit deelnamen aan de Nederlandse samenleving.<\/p>\n<p><strong>Jaap Colthof<\/strong>, telg van een familie met diepe wortels in het Amsterdamse Jodendom \u2013 hij schreef eerder <em>Van moordenaar tot rabbi<\/em>, een studie over Joods Amsterdam van rond 1800 \u2013, heeft besloten de herinnering aan D\u00fcnner weer af te stoffen. Dat is een welkom initiatief. Zijn rijk ge\u00efllustreerde biografie van D\u00fcnner zal velen helpen om modern Joods Amsterdam beter te begrijpen.<\/p>\n<p>Inmiddels is het al meer dan honderd jaar geleden dat D\u00fcnner op Muiderberg ter aarde werd besteld. Zijn naam is velen niet meer bekend. Colthof geeft D\u00fcnner weer terug aan de Nederlandse Joden en hun nazaten verspreid over de hele wereld. Dat doet hij op een betrokken en deskundige wijze, hij voert de lezer in in het leven van D\u00fcnner en weegt kritisch diens verdiensten en tekortkomingen. D\u00fcnner komen we daarbij tegen als mens, als geleerde, als rabbijn \u2013 en als program. Zonder de rol van D\u00fcnner is de Amsterdams-Joodse ontwikkeling vanaf de tweede helft van de negentiende eeuw moeilijk te duiden.<\/p>\n<p><em>ontleend aan het voorwoord van professor Bart Wallet<\/em><\/p>\n<p>&nbsp;<\/p>\n<div><\/div>\n<div>\n<ul>\n<li>Titel: <strong>Joseph Hirsch D\u00fcnner, de rebelse opperrabbijn<\/strong><b><br \/>\n<\/b><\/li>\n<li>Auteur: <a href=\"https:\/\/uvp.nl\/?product=jaap-colthof\"><strong>Jaap Colthof<\/strong><\/a><b><\/b><\/li>\n<li>Woord vooraf: <strong>Bart Wallet<\/strong>,\u00a0<i>hoogleraar Joodse geschiedenis,\u00a0<\/i><i>Universiteit van Amsterdam<\/i><\/li>\n<li>ISBN: 978 90 490 2622 6<\/li>\n<li>Formaat: 13,5 x 21,5 cm (paperback)<\/li>\n<li>Omvang: 300 p. (waarvan 30 pagina&#8217;s met illustraties)<\/li>\n<li>Prijs: 24,50 euro (incl. 9% BTW)<\/li>\n<li>Verschijningsdatum: 24 november 2022<\/li>\n<\/ul>\n<\/div>\n","protected":false},"excerpt":{"rendered":"<p>Jaap Colthof<\/p>\n","protected":false},"featured_media":2534,"template":"","meta":{"neve_meta_sidebar":"","neve_meta_container":"","neve_meta_enable_content_width":"off","neve_meta_content_width":0,"neve_meta_title_alignment":"","neve_meta_author_avatar":"","neve_post_elements_order":"","neve_meta_disable_header":"","neve_meta_disable_footer":"","neve_meta_disable_title":""},"product_brand":[],"product_cat":[47],"product_tag":[],"class_list":{"0":"post-2533","1":"product","2":"type-product","3":"status-publish","4":"has-post-thumbnail","6":"product_cat-boeken","8":"first","9":"instock","10":"shipping-taxable","11":"product-type-simple"},"_links":{"self":[{"href":"https:\/\/uvp.nl\/index.php?rest_route=\/wp\/v2\/product\/2533","targetHints":{"allow":["GET"]}}],"collection":[{"href":"https:\/\/uvp.nl\/index.php?rest_route=\/wp\/v2\/product"}],"about":[{"href":"https:\/\/uvp.nl\/index.php?rest_route=\/wp\/v2\/types\/product"}],"wp:featuredmedia":[{"embeddable":true,"href":"https:\/\/uvp.nl\/index.php?rest_route=\/wp\/v2\/media\/2534"}],"wp:attachment":[{"href":"https:\/\/uvp.nl\/index.php?rest_route=%2Fwp%2Fv2%2Fmedia&parent=2533"}],"wp:term":[{"taxonomy":"product_brand","embeddable":true,"href":"https:\/\/uvp.nl\/index.php?rest_route=%2Fwp%2Fv2%2Fproduct_brand&post=2533"},{"taxonomy":"product_cat","embeddable":true,"href":"https:\/\/uvp.nl\/index.php?rest_route=%2Fwp%2Fv2%2Fproduct_cat&post=2533"},{"taxonomy":"product_tag","embeddable":true,"href":"https:\/\/uvp.nl\/index.php?rest_route=%2Fwp%2Fv2%2Fproduct_tag&post=2533"}],"curies":[{"name":"wp","href":"https:\/\/api.w.org\/{rel}","templated":true}]}}