{"id":1478,"date":"2020-10-29T10:53:12","date_gmt":"2020-10-29T10:53:12","guid":{"rendered":"http:\/\/uvp.nl\/?post_type=product&#038;p=1478"},"modified":"2020-12-19T16:21:04","modified_gmt":"2020-12-19T16:21:04","slug":"dossier-grete-weisbrot","status":"publish","type":"product","link":"https:\/\/uvp.nl\/?product=dossier-grete-weisbrot","title":{"rendered":"Dossier Grete Weisbrot"},"content":{"rendered":"<p><em>Dossier Grete Weisbrot<\/em>\u00a0is een meeslepende roman, met verrassende plotwendingen, over hoe mensen met een sterk\u00a0uiteenlopende achtergrond elkaars leven kunnen bepalen en be\u00efnvloeden. Het verhaal is gesitueerd in Jeruzalem\u00a0anno 1985. Centraal staan twee Joden: Raffie Alfasie, een jeugdige medewerker van de sociale dienst van Marokkaanse\u00a0komaf, en de oude Grete Weisbrot, een vrouw die in 1938 vanuit nazi-Duitsland naar Palestina vluchtte. Raffie krijgt\u00a0de opdracht om Grete over te halen zich in een bejaardenhuis te laten opnemen. Iets wat Grete pertinent niet wil.<\/p>\n<p><a href=\"https:\/\/uvp.nl\/?product=miriam-dubi\">Miriam Dubi<\/a>,\u00a0die zelf in 1962 van Nederland naar Isra\u00ebl emigreerde, beschrijft de rijk geschakeerde Isra\u00eblische samenleving van binnenuit. Het clich\u00e9 is dat in Isra\u00ebl met name Joden en Arabieren tegenover elkaar staan, maar wat binnen de Isra\u00eblische samenleving vooral in het oog springt is de scheidslijn tussen Asjkenazische en ori\u00ebntaalse Joden.<\/p>\n<p>Asjkenazische Joden zijn westers geori\u00ebnteerd, zijn relatief hoger opgeleid en hadden lang maatschappelijk\u00a0meer invloed, wat vooral op de universiteiten goed merkbaar was. Ori\u00ebntaalse Joden vinden hun roots in\u00a0islamitische landen, voor hen zijn \u2013 om maar iets te noemen \u2013 familiebanden vaak allesbepalend. Hoe deze twee\u00a0subculturen zich tot elkaar verhouden zien we gespiegeld in de interactie tussen de hoofdfiguren, Raffie en Grete.<\/p>\n<p>Daarnaast zijn we getuige van het aimabele contact tussen Grete en haar Arabische leeftijdgenoot uit de Oude\u00a0Stad, Mr. Joesoef. Daarmee is\u00a0<em>Dossier Grete Weisbrot<\/em>\u00a0niet alleen een mooie psychologische roman maar geeft ook\u00a0een helder tijdsbeeld van de complexe Isra\u00eblische maatschappij van enkele decennia geleden.<\/p>\n<ul>\n<li>Titel: <strong><em>Dossier Grete Weisbrot<\/em><\/strong><\/li>\n<li>Auteur: <strong>Miriam Dubi<\/strong><\/li>\n<li>Formaat: 13,5 x 21,5 cm (paperback)<\/li>\n<li>Omvang: 202 p.<\/li>\n<li>ISBN: 978 90 490 1966 2<\/li>\n<li>Prijs: <strong>19,95 euro<\/strong> (incl. 9% BTW)<\/li>\n<\/ul>\n","protected":false},"excerpt":{"rendered":"<p>Miriam Dubi<\/p>\n","protected":false},"featured_media":1414,"template":"","meta":{"neve_meta_sidebar":"","neve_meta_container":"","neve_meta_enable_content_width":"off","neve_meta_content_width":0,"neve_meta_title_alignment":"","neve_meta_author_avatar":"","neve_post_elements_order":"","neve_meta_disable_header":"","neve_meta_disable_footer":"","neve_meta_disable_title":""},"product_brand":[],"product_cat":[47],"product_tag":[65,108,107],"class_list":{"0":"post-1478","1":"product","2":"type-product","3":"status-publish","4":"has-post-thumbnail","6":"product_cat-boeken","7":"product_tag-fictie","8":"product_tag-israel","9":"product_tag-jeruzalem","11":"first","12":"instock","13":"shipping-taxable","14":"product-type-simple"},"_links":{"self":[{"href":"https:\/\/uvp.nl\/index.php?rest_route=\/wp\/v2\/product\/1478","targetHints":{"allow":["GET"]}}],"collection":[{"href":"https:\/\/uvp.nl\/index.php?rest_route=\/wp\/v2\/product"}],"about":[{"href":"https:\/\/uvp.nl\/index.php?rest_route=\/wp\/v2\/types\/product"}],"wp:featuredmedia":[{"embeddable":true,"href":"https:\/\/uvp.nl\/index.php?rest_route=\/wp\/v2\/media\/1414"}],"wp:attachment":[{"href":"https:\/\/uvp.nl\/index.php?rest_route=%2Fwp%2Fv2%2Fmedia&parent=1478"}],"wp:term":[{"taxonomy":"product_brand","embeddable":true,"href":"https:\/\/uvp.nl\/index.php?rest_route=%2Fwp%2Fv2%2Fproduct_brand&post=1478"},{"taxonomy":"product_cat","embeddable":true,"href":"https:\/\/uvp.nl\/index.php?rest_route=%2Fwp%2Fv2%2Fproduct_cat&post=1478"},{"taxonomy":"product_tag","embeddable":true,"href":"https:\/\/uvp.nl\/index.php?rest_route=%2Fwp%2Fv2%2Fproduct_tag&post=1478"}],"curies":[{"name":"wp","href":"https:\/\/api.w.org\/{rel}","templated":true}]}}